{"id":22628,"date":"2026-03-23T22:30:47","date_gmt":"2026-03-23T22:30:47","guid":{"rendered":"https:\/\/cousinscider.cz\/gallery\/"},"modified":"2026-04-23T05:43:26","modified_gmt":"2026-04-23T05:43:26","slug":"gallery","status":"publish","type":"page","link":"https:\/\/cousinscider.cz\/en\/gallery\/","title":{"rendered":"Gallery"},"content":{"rendered":"\t\t<div data-elementor-type=\"wp-page\" data-elementor-id=\"22628\" class=\"elementor elementor-22628 elementor-22137\">\n\t\t\t\t\t\t<section class=\"elementor-section elementor-top-section elementor-element elementor-element-d74df60 elementor-section-full_width elementor-section-height-default elementor-section-height-default sc_fly_static\" data-id=\"d74df60\" data-element_type=\"section\" data-e-type=\"section\">\n\t\t\t\t\t\t<div class=\"elementor-container elementor-column-gap-no\">\n\t\t\t\t\t<div class=\"elementor-column elementor-col-100 elementor-top-column elementor-element elementor-element-635f1ba sc_content_align_inherit sc_layouts_column_icons_position_left sc_fly_static\" data-id=\"635f1ba\" data-element_type=\"column\" data-e-type=\"column\">\n\t\t\t<div class=\"elementor-widget-wrap elementor-element-populated\">\n\t\t\t\t\t\t<div class=\"elementor-element elementor-element-7464838 sc_height_huge scheme_dark sc_fly_static elementor-widget elementor-widget-spacer\" data-id=\"7464838\" data-element_type=\"widget\" data-e-type=\"widget\" data-widget_type=\"spacer.default\">\n\t\t\t\t<div class=\"elementor-widget-container\">\n\t\t\t\t\t\t\t<div class=\"elementor-spacer\">\n\t\t\t<div class=\"elementor-spacer-inner\"><\/div>\n\t\t<\/div>\n\t\t\t\t\t\t<\/div>\n\t\t\t\t<\/div>\n\t\t\t\t\t<\/div>\n\t\t<\/div>\n\t\t\t\t\t<\/div>\n\t\t<\/section>\n\t\t\t\t<section class=\"elementor-section elementor-top-section elementor-element elementor-element-016208c elementor-section-full_width elementor-section-height-default elementor-section-height-default sc_fly_static\" data-id=\"016208c\" data-element_type=\"section\" data-e-type=\"section\">\n\t\t\t\t\t\t<div class=\"elementor-container elementor-column-gap-extended\">\n\t\t\t\t\t<div class=\"elementor-column elementor-col-100 elementor-top-column elementor-element elementor-element-7a48a9b sc_content_align_inherit sc_layouts_column_icons_position_left sc_fly_static\" data-id=\"7a48a9b\" data-element_type=\"column\" data-e-type=\"column\">\n\t\t\t<div class=\"elementor-widget-wrap elementor-element-populated\">\n\t\t\t\t\t\t<div class=\"elementor-element elementor-element-0f02f86 gallery-spacing-custom sc_fly_static elementor-widget elementor-widget-image-gallery\" data-id=\"0f02f86\" data-element_type=\"widget\" data-e-type=\"widget\" data-widget_type=\"image-gallery.default\">\n\t\t\t\t<div class=\"elementor-widget-container\">\n\t\t\t\t\t\t\t<div class=\"elementor-image-gallery\">\n\t\t\t<div id='gallery-1' class='gallery galleryid-22628 gallery-columns-5 gallery-size-fermentio-thumb-rectangle'><figure class='gallery-item'>\n\t\t\t<div class='gallery-icon portrait'>\n\t\t\t\t<a data-elementor-open-lightbox=\"yes\" data-elementor-lightbox-slideshow=\"0f02f86\" data-elementor-lightbox-title=\"S1030692\" data-e-action-hash=\"#elementor-action%3Aaction%3Dlightbox%26settings%3DeyJpZCI6MjI2NDAsInVybCI6Imh0dHBzOlwvXC9jb3VzaW5zY2lkZXIuY3pcL3dwLWNvbnRlbnRcL3VwbG9hZHNcLzIwMjZcLzAzXC9TMTAzMDY5Mi1zY2FsZWQuanBnIiwic2xpZGVzaG93IjoiMGYwMmY4NiJ9\" href='https:\/\/cousinscider.cz\/wp-content\/uploads\/2026\/03\/S1030692-scaled.jpg'><img fetchpriority=\"high\" decoding=\"async\" width=\"570\" height=\"696\" src=\"https:\/\/cousinscider.cz\/wp-content\/uploads\/2026\/03\/S1030692-570x696.jpg\" class=\"attachment-fermentio-thumb-rectangle size-fermentio-thumb-rectangle\" alt=\"\" \/><\/a>\n\t\t\t<\/div><\/figure><figure class='gallery-item'>\n\t\t\t<div class='gallery-icon portrait'>\n\t\t\t\t<a data-elementor-open-lightbox=\"yes\" data-elementor-lightbox-slideshow=\"0f02f86\" data-elementor-lightbox-title=\"S1020997\" data-e-action-hash=\"#elementor-action%3Aaction%3Dlightbox%26settings%3DeyJpZCI6MjI2MzUsInVybCI6Imh0dHBzOlwvXC9jb3VzaW5zY2lkZXIuY3pcL3dwLWNvbnRlbnRcL3VwbG9hZHNcLzIwMjZcLzAzXC9TMTAyMDk5Ny1zY2FsZWQuanBnIiwic2xpZGVzaG93IjoiMGYwMmY4NiJ9\" href='https:\/\/cousinscider.cz\/wp-content\/uploads\/2026\/03\/S1020997-scaled.jpg'><img decoding=\"async\" width=\"570\" height=\"696\" src=\"https:\/\/cousinscider.cz\/wp-content\/uploads\/2026\/03\/S1020997-570x696.jpg\" class=\"attachment-fermentio-thumb-rectangle size-fermentio-thumb-rectangle\" alt=\"\" \/><\/a>\n\t\t\t<\/div><\/figure><figure class='gallery-item'>\n\t\t\t<div class='gallery-icon portrait'>\n\t\t\t\t<a data-elementor-open-lightbox=\"yes\" data-elementor-lightbox-slideshow=\"0f02f86\" data-elementor-lightbox-title=\"S1030215\" data-e-action-hash=\"#elementor-action%3Aaction%3Dlightbox%26settings%3DeyJpZCI6MjI2NDgsInVybCI6Imh0dHBzOlwvXC9jb3VzaW5zY2lkZXIuY3pcL3dwLWNvbnRlbnRcL3VwbG9hZHNcLzIwMjZcLzAzXC9TMTAzMDIxNS1zY2FsZWQuanBnIiwic2xpZGVzaG93IjoiMGYwMmY4NiJ9\" href='https:\/\/cousinscider.cz\/wp-content\/uploads\/2026\/03\/S1030215-scaled.jpg'><img decoding=\"async\" width=\"570\" height=\"696\" src=\"https:\/\/cousinscider.cz\/wp-content\/uploads\/2026\/03\/S1030215-570x696.jpg\" class=\"attachment-fermentio-thumb-rectangle size-fermentio-thumb-rectangle\" alt=\"\" \/><\/a>\n\t\t\t<\/div><\/figure><figure class='gallery-item'>\n\t\t\t<div class='gallery-icon portrait'>\n\t\t\t\t<a data-elementor-open-lightbox=\"yes\" data-elementor-lightbox-slideshow=\"0f02f86\" data-elementor-lightbox-title=\"S1030784\" data-e-action-hash=\"#elementor-action%3Aaction%3Dlightbox%26settings%3DeyJpZCI6MjI2MzksInVybCI6Imh0dHBzOlwvXC9jb3VzaW5zY2lkZXIuY3pcL3dwLWNvbnRlbnRcL3VwbG9hZHNcLzIwMjZcLzAzXC9TMTAzMDc4NC1zY2FsZWQuanBnIiwic2xpZGVzaG93IjoiMGYwMmY4NiJ9\" href='https:\/\/cousinscider.cz\/wp-content\/uploads\/2026\/03\/S1030784-scaled.jpg'><img loading=\"lazy\" decoding=\"async\" width=\"570\" height=\"696\" src=\"https:\/\/cousinscider.cz\/wp-content\/uploads\/2026\/03\/S1030784-570x696.jpg\" class=\"attachment-fermentio-thumb-rectangle size-fermentio-thumb-rectangle\" alt=\"\" \/><\/a>\n\t\t\t<\/div><\/figure><figure class='gallery-item'>\n\t\t\t<div class='gallery-icon portrait'>\n\t\t\t\t<a data-elementor-open-lightbox=\"yes\" data-elementor-lightbox-slideshow=\"0f02f86\" data-elementor-lightbox-title=\"S1020978\" data-e-action-hash=\"#elementor-action%3Aaction%3Dlightbox%26settings%3DeyJpZCI6MjI2MzMsInVybCI6Imh0dHBzOlwvXC9jb3VzaW5zY2lkZXIuY3pcL3dwLWNvbnRlbnRcL3VwbG9hZHNcLzIwMjZcLzAzXC9TMTAyMDk3OC1zY2FsZWQuanBnIiwic2xpZGVzaG93IjoiMGYwMmY4NiJ9\" href='https:\/\/cousinscider.cz\/wp-content\/uploads\/2026\/03\/S1020978-scaled.jpg'><img loading=\"lazy\" decoding=\"async\" width=\"570\" height=\"696\" src=\"https:\/\/cousinscider.cz\/wp-content\/uploads\/2026\/03\/S1020978-570x696.jpg\" class=\"attachment-fermentio-thumb-rectangle size-fermentio-thumb-rectangle\" alt=\"\" \/><\/a>\n\t\t\t<\/div><\/figure><figure class='gallery-item'>\n\t\t\t<div class='gallery-icon portrait'>\n\t\t\t\t<a data-elementor-open-lightbox=\"yes\" data-elementor-lightbox-slideshow=\"0f02f86\" data-elementor-lightbox-title=\"S1030062\" data-e-action-hash=\"#elementor-action%3Aaction%3Dlightbox%26settings%3DeyJpZCI6MjI2NDQsInVybCI6Imh0dHBzOlwvXC9jb3VzaW5zY2lkZXIuY3pcL3dwLWNvbnRlbnRcL3VwbG9hZHNcLzIwMjZcLzAzXC9TMTAzMDA2Mi1zY2FsZWQuanBnIiwic2xpZGVzaG93IjoiMGYwMmY4NiJ9\" href='https:\/\/cousinscider.cz\/wp-content\/uploads\/2026\/03\/S1030062-scaled.jpg'><img loading=\"lazy\" decoding=\"async\" width=\"570\" height=\"696\" src=\"https:\/\/cousinscider.cz\/wp-content\/uploads\/2026\/03\/S1030062-570x696.jpg\" class=\"attachment-fermentio-thumb-rectangle size-fermentio-thumb-rectangle\" alt=\"\" \/><\/a>\n\t\t\t<\/div><\/figure><figure class='gallery-item'>\n\t\t\t<div class='gallery-icon portrait'>\n\t\t\t\t<a data-elementor-open-lightbox=\"yes\" data-elementor-lightbox-slideshow=\"0f02f86\" data-elementor-lightbox-title=\"S1030766\" data-e-action-hash=\"#elementor-action%3Aaction%3Dlightbox%26settings%3DeyJpZCI6MjI2NDEsInVybCI6Imh0dHBzOlwvXC9jb3VzaW5zY2lkZXIuY3pcL3dwLWNvbnRlbnRcL3VwbG9hZHNcLzIwMjZcLzAzXC9TMTAzMDc2Ni1zY2FsZWQuanBnIiwic2xpZGVzaG93IjoiMGYwMmY4NiJ9\" href='https:\/\/cousinscider.cz\/wp-content\/uploads\/2026\/03\/S1030766-scaled.jpg'><img loading=\"lazy\" decoding=\"async\" width=\"570\" height=\"696\" src=\"https:\/\/cousinscider.cz\/wp-content\/uploads\/2026\/03\/S1030766-570x696.jpg\" class=\"attachment-fermentio-thumb-rectangle size-fermentio-thumb-rectangle\" alt=\"\" \/><\/a>\n\t\t\t<\/div><\/figure><figure class='gallery-item'>\n\t\t\t<div class='gallery-icon portrait'>\n\t\t\t\t<a data-elementor-open-lightbox=\"yes\" data-elementor-lightbox-slideshow=\"0f02f86\" data-elementor-lightbox-title=\"S1020677\" data-e-action-hash=\"#elementor-action%3Aaction%3Dlightbox%26settings%3DeyJpZCI6MjI2NDYsInVybCI6Imh0dHBzOlwvXC9jb3VzaW5zY2lkZXIuY3pcL3dwLWNvbnRlbnRcL3VwbG9hZHNcLzIwMjZcLzAzXC9TMTAyMDY3Ny1zY2FsZWQtZTE3NzQzMDM4ODE5MjQuanBnIiwic2xpZGVzaG93IjoiMGYwMmY4NiJ9\" href='https:\/\/cousinscider.cz\/wp-content\/uploads\/2026\/03\/S1020677-scaled-e1774303881924.jpg'><img loading=\"lazy\" decoding=\"async\" width=\"570\" height=\"696\" src=\"https:\/\/cousinscider.cz\/wp-content\/uploads\/2026\/03\/S1020677-scaled-e1774303881924-570x696.jpg\" class=\"attachment-fermentio-thumb-rectangle size-fermentio-thumb-rectangle\" alt=\"\" \/><\/a>\n\t\t\t<\/div><\/figure><figure class='gallery-item'>\n\t\t\t<div class='gallery-icon portrait'>\n\t\t\t\t<a data-elementor-open-lightbox=\"yes\" data-elementor-lightbox-slideshow=\"0f02f86\" data-elementor-lightbox-title=\"S1030363\" data-e-action-hash=\"#elementor-action%3Aaction%3Dlightbox%26settings%3DeyJpZCI6MjI2MzQsInVybCI6Imh0dHBzOlwvXC9jb3VzaW5zY2lkZXIuY3pcL3dwLWNvbnRlbnRcL3VwbG9hZHNcLzIwMjZcLzAzXC9TMTAzMDM2My1zY2FsZWQuanBnIiwic2xpZGVzaG93IjoiMGYwMmY4NiJ9\" href='https:\/\/cousinscider.cz\/wp-content\/uploads\/2026\/03\/S1030363-scaled.jpg'><img loading=\"lazy\" decoding=\"async\" width=\"570\" height=\"696\" src=\"https:\/\/cousinscider.cz\/wp-content\/uploads\/2026\/03\/S1030363-570x696.jpg\" class=\"attachment-fermentio-thumb-rectangle size-fermentio-thumb-rectangle\" alt=\"\" \/><\/a>\n\t\t\t<\/div><\/figure><figure class='gallery-item'>\n\t\t\t<div class='gallery-icon portrait'>\n\t\t\t\t<a data-elementor-open-lightbox=\"yes\" data-elementor-lightbox-slideshow=\"0f02f86\" data-elementor-lightbox-title=\"S1020757\" data-e-action-hash=\"#elementor-action%3Aaction%3Dlightbox%26settings%3DeyJpZCI6MjI2MzcsInVybCI6Imh0dHBzOlwvXC9jb3VzaW5zY2lkZXIuY3pcL3dwLWNvbnRlbnRcL3VwbG9hZHNcLzIwMjZcLzAzXC9TMTAyMDc1Ny1zY2FsZWQtZTE3NzQzMDMxOTgxNjcuanBnIiwic2xpZGVzaG93IjoiMGYwMmY4NiJ9\" href='https:\/\/cousinscider.cz\/wp-content\/uploads\/2026\/03\/S1020757-scaled-e1774303198167.jpg'><img loading=\"lazy\" decoding=\"async\" width=\"570\" height=\"696\" src=\"https:\/\/cousinscider.cz\/wp-content\/uploads\/2026\/03\/S1020757-scaled-e1774303198167-570x696.jpg\" class=\"attachment-fermentio-thumb-rectangle size-fermentio-thumb-rectangle\" alt=\"\" \/><\/a>\n\t\t\t<\/div><\/figure><figure class='gallery-item'>\n\t\t\t<div class='gallery-icon portrait'>\n\t\t\t\t<a data-elementor-open-lightbox=\"yes\" data-elementor-lightbox-slideshow=\"0f02f86\" data-elementor-lightbox-title=\"S1020991\" data-e-action-hash=\"#elementor-action%3Aaction%3Dlightbox%26settings%3DeyJpZCI6MjI2NDcsInVybCI6Imh0dHBzOlwvXC9jb3VzaW5zY2lkZXIuY3pcL3dwLWNvbnRlbnRcL3VwbG9hZHNcLzIwMjZcLzAzXC9TMTAyMDk5MS1zY2FsZWQuanBnIiwic2xpZGVzaG93IjoiMGYwMmY4NiJ9\" href='https:\/\/cousinscider.cz\/wp-content\/uploads\/2026\/03\/S1020991-scaled.jpg'><img loading=\"lazy\" decoding=\"async\" width=\"570\" height=\"696\" src=\"https:\/\/cousinscider.cz\/wp-content\/uploads\/2026\/03\/S1020991-570x696.jpg\" class=\"attachment-fermentio-thumb-rectangle size-fermentio-thumb-rectangle\" alt=\"\" \/><\/a>\n\t\t\t<\/div><\/figure><figure class='gallery-item'>\n\t\t\t<div class='gallery-icon portrait'>\n\t\t\t\t<a data-elementor-open-lightbox=\"yes\" data-elementor-lightbox-slideshow=\"0f02f86\" data-elementor-lightbox-title=\"S1030565\" data-e-action-hash=\"#elementor-action%3Aaction%3Dlightbox%26settings%3DeyJpZCI6MjI2MzgsInVybCI6Imh0dHBzOlwvXC9jb3VzaW5zY2lkZXIuY3pcL3dwLWNvbnRlbnRcL3VwbG9hZHNcLzIwMjZcLzAzXC9TMTAzMDU2NS1zY2FsZWQuanBnIiwic2xpZGVzaG93IjoiMGYwMmY4NiJ9\" href='https:\/\/cousinscider.cz\/wp-content\/uploads\/2026\/03\/S1030565-scaled.jpg'><img loading=\"lazy\" decoding=\"async\" width=\"570\" height=\"696\" src=\"https:\/\/cousinscider.cz\/wp-content\/uploads\/2026\/03\/S1030565-570x696.jpg\" class=\"attachment-fermentio-thumb-rectangle size-fermentio-thumb-rectangle\" alt=\"\" \/><\/a>\n\t\t\t<\/div><\/figure><figure class='gallery-item'>\n\t\t\t<div class='gallery-icon portrait'>\n\t\t\t\t<a data-elementor-open-lightbox=\"yes\" data-elementor-lightbox-slideshow=\"0f02f86\" data-elementor-lightbox-title=\"S1020736\" data-e-action-hash=\"#elementor-action%3Aaction%3Dlightbox%26settings%3DeyJpZCI6MjI2MzYsInVybCI6Imh0dHBzOlwvXC9jb3VzaW5zY2lkZXIuY3pcL3dwLWNvbnRlbnRcL3VwbG9hZHNcLzIwMjZcLzAzXC9TMTAyMDczNi1zY2FsZWQuanBnIiwic2xpZGVzaG93IjoiMGYwMmY4NiJ9\" href='https:\/\/cousinscider.cz\/wp-content\/uploads\/2026\/03\/S1020736-scaled.jpg'><img loading=\"lazy\" decoding=\"async\" width=\"570\" height=\"696\" src=\"https:\/\/cousinscider.cz\/wp-content\/uploads\/2026\/03\/S1020736-570x696.jpg\" class=\"attachment-fermentio-thumb-rectangle size-fermentio-thumb-rectangle\" alt=\"\" \/><\/a>\n\t\t\t<\/div><\/figure><figure class='gallery-item'>\n\t\t\t<div class='gallery-icon portrait'>\n\t\t\t\t<a data-elementor-open-lightbox=\"yes\" data-elementor-lightbox-slideshow=\"0f02f86\" data-elementor-lightbox-title=\"S1030772\" data-e-action-hash=\"#elementor-action%3Aaction%3Dlightbox%26settings%3DeyJpZCI6MjI2NDIsInVybCI6Imh0dHBzOlwvXC9jb3VzaW5zY2lkZXIuY3pcL3dwLWNvbnRlbnRcL3VwbG9hZHNcLzIwMjZcLzAzXC9TMTAzMDc3Mi1zY2FsZWQuanBnIiwic2xpZGVzaG93IjoiMGYwMmY4NiJ9\" href='https:\/\/cousinscider.cz\/wp-content\/uploads\/2026\/03\/S1030772-scaled.jpg'><img loading=\"lazy\" decoding=\"async\" width=\"570\" height=\"696\" src=\"https:\/\/cousinscider.cz\/wp-content\/uploads\/2026\/03\/S1030772-570x696.jpg\" class=\"attachment-fermentio-thumb-rectangle size-fermentio-thumb-rectangle\" alt=\"\" \/><\/a>\n\t\t\t<\/div><\/figure><figure class='gallery-item'>\n\t\t\t<div class='gallery-icon portrait'>\n\t\t\t\t<a data-elementor-open-lightbox=\"yes\" data-elementor-lightbox-slideshow=\"0f02f86\" data-elementor-lightbox-title=\"S1020726\" data-e-action-hash=\"#elementor-action%3Aaction%3Dlightbox%26settings%3DeyJpZCI6MjI2NDUsInVybCI6Imh0dHBzOlwvXC9jb3VzaW5zY2lkZXIuY3pcL3dwLWNvbnRlbnRcL3VwbG9hZHNcLzIwMjZcLzAzXC9TMTAyMDcyNi1zY2FsZWQuanBnIiwic2xpZGVzaG93IjoiMGYwMmY4NiJ9\" href='https:\/\/cousinscider.cz\/wp-content\/uploads\/2026\/03\/S1020726-scaled.jpg'><img loading=\"lazy\" decoding=\"async\" width=\"570\" height=\"696\" src=\"https:\/\/cousinscider.cz\/wp-content\/uploads\/2026\/03\/S1020726-570x696.jpg\" class=\"attachment-fermentio-thumb-rectangle size-fermentio-thumb-rectangle\" alt=\"\" \/><\/a>\n\t\t\t<\/div><\/figure><figure class='gallery-item'>\n\t\t\t<div class='gallery-icon portrait'>\n\t\t\t\t<a data-elementor-open-lightbox=\"yes\" data-elementor-lightbox-slideshow=\"0f02f86\" data-elementor-lightbox-title=\"S1030624\" data-e-action-hash=\"#elementor-action%3Aaction%3Dlightbox%26settings%3DeyJpZCI6MjI2NDMsInVybCI6Imh0dHBzOlwvXC9jb3VzaW5zY2lkZXIuY3pcL3dwLWNvbnRlbnRcL3VwbG9hZHNcLzIwMjZcLzAzXC9TMTAzMDYyNC0yLXNjYWxlZC1lMTc3NDMwMjg3NDE5Ny5qcGciLCJzbGlkZXNob3ciOiIwZjAyZjg2In0%3D\" href='https:\/\/cousinscider.cz\/wp-content\/uploads\/2026\/03\/S1030624-2-scaled-e1774302874197.jpg'><img loading=\"lazy\" decoding=\"async\" width=\"570\" height=\"696\" src=\"https:\/\/cousinscider.cz\/wp-content\/uploads\/2026\/03\/S1030624-2-scaled-e1774302874197-570x696.jpg\" class=\"attachment-fermentio-thumb-rectangle size-fermentio-thumb-rectangle\" alt=\"\" \/><\/a>\n\t\t\t<\/div><\/figure>\n\t\t<\/div>\n\t\t<\/div>\n\t\t\t\t\t\t<\/div>\n\t\t\t\t<\/div>\n\t\t\t\t\t<\/div>\n\t\t<\/div>\n\t\t\t\t\t<\/div>\n\t\t<\/section>\n\t\t\t\t<\/div>\n\t\t","protected":false},"excerpt":{"rendered":"","protected":false},"author":1,"featured_media":0,"parent":0,"menu_order":0,"comment_status":"closed","ping_status":"closed","template":"","meta":{"footnotes":""},"class_list":["post-22628","page","type-page","status-publish","hentry"],"yoast_head":"<!-- This site is optimized with the Yoast SEO plugin v27.4 - https:\/\/yoast.com\/product\/yoast-seo-wordpress\/ -->\n<title>Gallery - Cidrerie Cousins<\/title>\n<meta name=\"robots\" content=\"index, follow, max-snippet:-1, max-image-preview:large, max-video-preview:-1\" \/>\n<link rel=\"canonical\" href=\"https:\/\/cousinscider.cz\/en\/gallery\/\" \/>\n<meta property=\"og:locale\" content=\"en_US\" \/>\n<meta property=\"og:type\" content=\"article\" \/>\n<meta property=\"og:title\" content=\"Gallery - Cidrerie Cousins\" \/>\n<meta property=\"og:url\" content=\"https:\/\/cousinscider.cz\/en\/gallery\/\" \/>\n<meta property=\"og:site_name\" content=\"Cidrerie Cousins\" \/>\n<meta property=\"article:publisher\" content=\"https:\/\/www.facebook.com\/CousinsCider\" \/>\n<meta property=\"article:modified_time\" content=\"2026-04-23T05:43:26+00:00\" \/>\n<meta property=\"og:image\" content=\"https:\/\/cousinscider.cz\/wp-content\/uploads\/2026\/03\/S1020991-570x696.jpg\" \/>\n<meta name=\"twitter:card\" content=\"summary_large_image\" \/>\n<script type=\"application\/ld+json\" class=\"yoast-schema-graph\">{\"@context\":\"https:\\\/\\\/schema.org\",\"@graph\":[{\"@type\":\"WebPage\",\"@id\":\"https:\\\/\\\/cousinscider.cz\\\/en\\\/gallery\\\/\",\"url\":\"https:\\\/\\\/cousinscider.cz\\\/en\\\/gallery\\\/\",\"name\":\"Gallery - Cidrerie Cousins\",\"isPartOf\":{\"@id\":\"https:\\\/\\\/cousinscider.cz\\\/en\\\/#website\"},\"primaryImageOfPage\":{\"@id\":\"https:\\\/\\\/cousinscider.cz\\\/en\\\/gallery\\\/#primaryimage\"},\"image\":{\"@id\":\"https:\\\/\\\/cousinscider.cz\\\/en\\\/gallery\\\/#primaryimage\"},\"thumbnailUrl\":\"https:\\\/\\\/cousinscider.cz\\\/wp-content\\\/uploads\\\/2026\\\/03\\\/S1020991-570x696.jpg\",\"datePublished\":\"2026-03-23T22:30:47+00:00\",\"dateModified\":\"2026-04-23T05:43:26+00:00\",\"breadcrumb\":{\"@id\":\"https:\\\/\\\/cousinscider.cz\\\/en\\\/gallery\\\/#breadcrumb\"},\"inLanguage\":\"en-US\",\"potentialAction\":[{\"@type\":\"ReadAction\",\"target\":[\"https:\\\/\\\/cousinscider.cz\\\/en\\\/gallery\\\/\"]}]},{\"@type\":\"ImageObject\",\"inLanguage\":\"en-US\",\"@id\":\"https:\\\/\\\/cousinscider.cz\\\/en\\\/gallery\\\/#primaryimage\",\"url\":\"https:\\\/\\\/cousinscider.cz\\\/wp-content\\\/uploads\\\/2026\\\/03\\\/S1020991-570x696.jpg\",\"contentUrl\":\"https:\\\/\\\/cousinscider.cz\\\/wp-content\\\/uploads\\\/2026\\\/03\\\/S1020991-570x696.jpg\"},{\"@type\":\"BreadcrumbList\",\"@id\":\"https:\\\/\\\/cousinscider.cz\\\/en\\\/gallery\\\/#breadcrumb\",\"itemListElement\":[{\"@type\":\"ListItem\",\"position\":1,\"name\":\"Home\",\"item\":\"https:\\\/\\\/cousinscider.cz\\\/en\\\/home\\\/\"},{\"@type\":\"ListItem\",\"position\":2,\"name\":\"Gallery\"}]},{\"@type\":\"WebSite\",\"@id\":\"https:\\\/\\\/cousinscider.cz\\\/en\\\/#website\",\"url\":\"https:\\\/\\\/cousinscider.cz\\\/en\\\/\",\"name\":\"Cidrerie Cousins - Cider z Podkrkono\u0161\u00ed\",\"description\":\"Cider z Podkrkono\u0161\u00ed\",\"publisher\":{\"@id\":\"https:\\\/\\\/cousinscider.cz\\\/en\\\/#organization\"},\"potentialAction\":[{\"@type\":\"SearchAction\",\"target\":{\"@type\":\"EntryPoint\",\"urlTemplate\":\"https:\\\/\\\/cousinscider.cz\\\/en\\\/?s={search_term_string}\"},\"query-input\":{\"@type\":\"PropertyValueSpecification\",\"valueRequired\":true,\"valueName\":\"search_term_string\"}}],\"inLanguage\":\"en-US\"},{\"@type\":\"Organization\",\"@id\":\"https:\\\/\\\/cousinscider.cz\\\/en\\\/#organization\",\"name\":\"Cidrerie Cousins\",\"url\":\"https:\\\/\\\/cousinscider.cz\\\/en\\\/\",\"logo\":{\"@type\":\"ImageObject\",\"inLanguage\":\"en-US\",\"@id\":\"https:\\\/\\\/cousinscider.cz\\\/en\\\/#\\\/schema\\\/logo\\\/image\\\/\",\"url\":\"https:\\\/\\\/cousinscider.cz\\\/wp-content\\\/uploads\\\/2026\\\/03\\\/Bez-nazvu-1-1.png\",\"contentUrl\":\"https:\\\/\\\/cousinscider.cz\\\/wp-content\\\/uploads\\\/2026\\\/03\\\/Bez-nazvu-1-1.png\",\"width\":1080,\"height\":1080,\"caption\":\"Cidrerie Cousins\"},\"image\":{\"@id\":\"https:\\\/\\\/cousinscider.cz\\\/en\\\/#\\\/schema\\\/logo\\\/image\\\/\"},\"sameAs\":[\"https:\\\/\\\/www.facebook.com\\\/CousinsCider\",\"https:\\\/\\\/www.instagram.com\\\/cousins_cider\"]}]}<\/script>\n<!-- \/ Yoast SEO plugin. -->","yoast_head_json":{"title":"Gallery - Cidrerie Cousins","robots":{"index":"index","follow":"follow","max-snippet":"max-snippet:-1","max-image-preview":"max-image-preview:large","max-video-preview":"max-video-preview:-1"},"canonical":"https:\/\/cousinscider.cz\/en\/gallery\/","og_locale":"en_US","og_type":"article","og_title":"Gallery - Cidrerie Cousins","og_url":"https:\/\/cousinscider.cz\/en\/gallery\/","og_site_name":"Cidrerie Cousins","article_publisher":"https:\/\/www.facebook.com\/CousinsCider","article_modified_time":"2026-04-23T05:43:26+00:00","og_image":[{"url":"https:\/\/cousinscider.cz\/wp-content\/uploads\/2026\/03\/S1020991-570x696.jpg","type":"","width":"","height":""}],"twitter_card":"summary_large_image","schema":{"@context":"https:\/\/schema.org","@graph":[{"@type":"WebPage","@id":"https:\/\/cousinscider.cz\/en\/gallery\/","url":"https:\/\/cousinscider.cz\/en\/gallery\/","name":"Gallery - Cidrerie Cousins","isPartOf":{"@id":"https:\/\/cousinscider.cz\/en\/#website"},"primaryImageOfPage":{"@id":"https:\/\/cousinscider.cz\/en\/gallery\/#primaryimage"},"image":{"@id":"https:\/\/cousinscider.cz\/en\/gallery\/#primaryimage"},"thumbnailUrl":"https:\/\/cousinscider.cz\/wp-content\/uploads\/2026\/03\/S1020991-570x696.jpg","datePublished":"2026-03-23T22:30:47+00:00","dateModified":"2026-04-23T05:43:26+00:00","breadcrumb":{"@id":"https:\/\/cousinscider.cz\/en\/gallery\/#breadcrumb"},"inLanguage":"en-US","potentialAction":[{"@type":"ReadAction","target":["https:\/\/cousinscider.cz\/en\/gallery\/"]}]},{"@type":"ImageObject","inLanguage":"en-US","@id":"https:\/\/cousinscider.cz\/en\/gallery\/#primaryimage","url":"https:\/\/cousinscider.cz\/wp-content\/uploads\/2026\/03\/S1020991-570x696.jpg","contentUrl":"https:\/\/cousinscider.cz\/wp-content\/uploads\/2026\/03\/S1020991-570x696.jpg"},{"@type":"BreadcrumbList","@id":"https:\/\/cousinscider.cz\/en\/gallery\/#breadcrumb","itemListElement":[{"@type":"ListItem","position":1,"name":"Home","item":"https:\/\/cousinscider.cz\/en\/home\/"},{"@type":"ListItem","position":2,"name":"Gallery"}]},{"@type":"WebSite","@id":"https:\/\/cousinscider.cz\/en\/#website","url":"https:\/\/cousinscider.cz\/en\/","name":"Cidrerie Cousins - Cider z Podkrkono\u0161\u00ed","description":"Cider z Podkrkono\u0161\u00ed","publisher":{"@id":"https:\/\/cousinscider.cz\/en\/#organization"},"potentialAction":[{"@type":"SearchAction","target":{"@type":"EntryPoint","urlTemplate":"https:\/\/cousinscider.cz\/en\/?s={search_term_string}"},"query-input":{"@type":"PropertyValueSpecification","valueRequired":true,"valueName":"search_term_string"}}],"inLanguage":"en-US"},{"@type":"Organization","@id":"https:\/\/cousinscider.cz\/en\/#organization","name":"Cidrerie Cousins","url":"https:\/\/cousinscider.cz\/en\/","logo":{"@type":"ImageObject","inLanguage":"en-US","@id":"https:\/\/cousinscider.cz\/en\/#\/schema\/logo\/image\/","url":"https:\/\/cousinscider.cz\/wp-content\/uploads\/2026\/03\/Bez-nazvu-1-1.png","contentUrl":"https:\/\/cousinscider.cz\/wp-content\/uploads\/2026\/03\/Bez-nazvu-1-1.png","width":1080,"height":1080,"caption":"Cidrerie Cousins"},"image":{"@id":"https:\/\/cousinscider.cz\/en\/#\/schema\/logo\/image\/"},"sameAs":["https:\/\/www.facebook.com\/CousinsCider","https:\/\/www.instagram.com\/cousins_cider"]}]}},"_hostinger_reach_plugin_has_subscription_block":false,"_hostinger_reach_plugin_is_elementor":false,"_links":{"self":[{"href":"https:\/\/cousinscider.cz\/en\/wp-json\/wp\/v2\/pages\/22628","targetHints":{"allow":["GET"]}}],"collection":[{"href":"https:\/\/cousinscider.cz\/en\/wp-json\/wp\/v2\/pages"}],"about":[{"href":"https:\/\/cousinscider.cz\/en\/wp-json\/wp\/v2\/types\/page"}],"author":[{"embeddable":true,"href":"https:\/\/cousinscider.cz\/en\/wp-json\/wp\/v2\/users\/1"}],"replies":[{"embeddable":true,"href":"https:\/\/cousinscider.cz\/en\/wp-json\/wp\/v2\/comments?post=22628"}],"version-history":[{"count":2,"href":"https:\/\/cousinscider.cz\/en\/wp-json\/wp\/v2\/pages\/22628\/revisions"}],"predecessor-version":[{"id":22651,"href":"https:\/\/cousinscider.cz\/en\/wp-json\/wp\/v2\/pages\/22628\/revisions\/22651"}],"wp:attachment":[{"href":"https:\/\/cousinscider.cz\/en\/wp-json\/wp\/v2\/media?parent=22628"}],"curies":[{"name":"wp","href":"https:\/\/api.w.org\/{rel}","templated":true}]}}