{"id":22652,"date":"2026-03-20T13:21:05","date_gmt":"2026-03-20T13:21:05","guid":{"rendered":"https:\/\/cousinscider.cz\/information-on-the-right-to-withdraw-from-the-purchase-agreement\/"},"modified":"2026-04-23T05:43:30","modified_gmt":"2026-04-23T05:43:30","slug":"information-on-the-right-to-withdraw-from-the-purchase-agreement","status":"publish","type":"page","link":"https:\/\/cousinscider.cz\/en\/information-on-the-right-to-withdraw-from-the-purchase-agreement\/","title":{"rendered":"Information on the right to withdraw from the purchase agreement"},"content":{"rendered":"\t\t<div data-elementor-type=\"wp-page\" data-elementor-id=\"22652\" class=\"elementor elementor-22652 elementor-21684\">\n\t\t\t\t\t\t<section class=\"elementor-section elementor-top-section elementor-element elementor-element-1ce0fbce elementor-section-boxed elementor-section-height-default elementor-section-height-default sc_fly_static\" data-id=\"1ce0fbce\" data-element_type=\"section\" data-e-type=\"section\">\n\t\t\t\t\t\t<div class=\"elementor-container elementor-column-gap-extended\">\n\t\t\t\t\t<div class=\"elementor-column elementor-col-100 elementor-top-column elementor-element elementor-element-71737124 sc_content_align_inherit sc_layouts_column_icons_position_left sc_fly_static\" data-id=\"71737124\" data-element_type=\"column\" data-e-type=\"column\">\n\t\t\t<div class=\"elementor-widget-wrap elementor-element-populated\">\n\t\t\t\t\t\t<div class=\"elementor-element elementor-element-42f09e1 sc_fly_static elementor-widget elementor-widget-text-editor\" data-id=\"42f09e1\" data-element_type=\"widget\" data-e-type=\"widget\" data-widget_type=\"text-editor.default\">\n\t\t\t\t<div class=\"elementor-widget-container\">\n\t\t\t\t\t\t\t\t\t<p>Information on the right to withdraw from the purchase agreement<\/p><p><strong>Consumer information on the right of withdrawal <\/strong><\/p><p>Dear consumer, according to the Civil Code, you have the right to withdraw from the agreement without giving any reason. The basic procedure and consequences of withdrawal are described below.<\/p><ol><li><p><u> Right to withdraw from the agreement<\/u><\/p><\/li><\/ol><p>1.1 You have the right to withdraw from the agreement within 14 days without giving any reason.<\/p><p>1.2 You have the right to withdraw from a service agreement without giving any reason within 14 days from the day following the conclusion of the agreement. In the case of a purchase agreement, this period starts when you or a third party designated by you (other than the carrier) take possession of the goods, or from the day you or a third party designated by you (other than the carrier) take possession of the last delivery of goods (in the case of an agreement covering several types of goods or the delivery of several parts).<\/p><p>1.3 For the purpose of exercising the right of withdrawal, you must inform the company of your withdrawal from this agreement: <\/p><p>Cousins s.r.o., I\u010cO: 194 57 774, Prost\u0159edn\u00ed Nov\u00e1 Ves 48, 507 81 L\u00e1zn\u011b B\u011blohrad, cousinssro@gmail.com<br><br><\/p><p>in the form of a unilateral legal action (for example, by a letter sent via a postal service provider or a scanned copy via email). You can use the attached model withdrawal form, but it is not your obligation. If you use this option, we will promptly send you a confirmation of receipt of this withdrawal notice.<\/p><p>1.4 To meet the withdrawal deadline, it is sufficient to send the withdrawal notice before the relevant period expires.<\/p><ol start=\"2\"><li><p><u> Consequences of withdrawal<\/u><\/p><\/li><\/ol><p>2.1 If you withdraw from this agreement, we will refund all payments received from you, including delivery costs (except for additional costs incurred as a result of your chosen delivery method, which is other than the cheapest standard delivery method offered by us), without undue delay and no later than 14 days from the day we receive your notice of withdrawal.<\/p><p>For the refund, we will use the same payment method you used for the initial transaction, unless you have expressly specified otherwise. In any case, this will not incur any additional costs for you.<\/p><p>We will issue the refund only after receiving the returned goods or if you prove that you have sent the goods back, whichever occurs first.<\/p><p>2.2 Send the goods back without undue delay, no later than 14 days from the day you withdrew from this agreement, to the address: <\/p><p>Cousins s.r.o., I\u010cO: 194 57 774, Prost\u0159edn\u00ed Nov\u00e1 Ves 48, 507 81 L\u00e1zn\u011b B\u011blohrad, cousinssro@gmail.com<\/p><p>The deadline is met if you send the goods back before the 14-day period expires.<\/p><p>You will bear the direct costs associated with returning the goods. You are only responsible for any diminished value of the goods resulting from handling them in a way other than what is necessary to become familiar with the nature, characteristics, and functionality of the goods.<\/p><p>2.3 If you requested that the provision of services begin during the withdrawal period, you will pay us an amount proportional to the extent of the services provided up to the time you informed us of your withdrawal, in comparison to the total scope of services specified in the agreement.<\/p>\t\t\t\t\t\t\t\t<\/div>\n\t\t\t\t<\/div>\n\t\t\t\t\t<\/div>\n\t\t<\/div>\n\t\t\t\t\t<\/div>\n\t\t<\/section>\n\t\t\t\t<\/div>\n\t\t","protected":false},"excerpt":{"rendered":"<p>Information on the right to withdraw from the purchase agreement Consumer information on the right of withdrawal Dear consumer, according to the Civil Code, you have the right to withdraw&hellip;<\/p>\n","protected":false},"author":1,"featured_media":0,"parent":0,"menu_order":0,"comment_status":"closed","ping_status":"closed","template":"","meta":{"footnotes":""},"class_list":["post-22652","page","type-page","status-publish","hentry"],"yoast_head":"<!-- This site is optimized with the Yoast SEO plugin v27.4 - https:\/\/yoast.com\/product\/yoast-seo-wordpress\/ -->\n<title>Information on the right to withdraw from the purchase agreement - Cidrerie Cousins<\/title>\n<meta name=\"robots\" content=\"index, follow, max-snippet:-1, max-image-preview:large, max-video-preview:-1\" \/>\n<link rel=\"canonical\" href=\"https:\/\/cousinscider.cz\/en\/information-on-the-right-to-withdraw-from-the-purchase-agreement\/\" \/>\n<meta property=\"og:locale\" content=\"en_US\" \/>\n<meta property=\"og:type\" content=\"article\" \/>\n<meta property=\"og:title\" content=\"Information on the right to withdraw from the purchase agreement - Cidrerie Cousins\" \/>\n<meta property=\"og:description\" content=\"Information on the right to withdraw from the purchase agreement Consumer information on the right of withdrawal Dear consumer, according to the Civil Code, you have the right to withdraw&hellip;\" \/>\n<meta property=\"og:url\" content=\"https:\/\/cousinscider.cz\/en\/information-on-the-right-to-withdraw-from-the-purchase-agreement\/\" \/>\n<meta property=\"og:site_name\" content=\"Cidrerie Cousins\" \/>\n<meta property=\"article:publisher\" content=\"https:\/\/www.facebook.com\/CousinsCider\" \/>\n<meta property=\"article:modified_time\" content=\"2026-04-23T05:43:30+00:00\" \/>\n<meta property=\"og:image\" content=\"https:\/\/cousinscider.cz\/wp-content\/uploads\/2026\/03\/vseobecny-link.jpg\" \/>\n\t<meta property=\"og:image:width\" content=\"1200\" \/>\n\t<meta property=\"og:image:height\" content=\"675\" \/>\n\t<meta property=\"og:image:type\" content=\"image\/jpeg\" \/>\n<meta name=\"twitter:card\" content=\"summary_large_image\" \/>\n<meta name=\"twitter:label1\" content=\"Est. reading time\" \/>\n\t<meta name=\"twitter:data1\" content=\"3 minutes\" \/>\n<script type=\"application\/ld+json\" class=\"yoast-schema-graph\">{\"@context\":\"https:\\\/\\\/schema.org\",\"@graph\":[{\"@type\":\"WebPage\",\"@id\":\"https:\\\/\\\/cousinscider.cz\\\/en\\\/information-on-the-right-to-withdraw-from-the-purchase-agreement\\\/\",\"url\":\"https:\\\/\\\/cousinscider.cz\\\/en\\\/information-on-the-right-to-withdraw-from-the-purchase-agreement\\\/\",\"name\":\"Information on the right to withdraw from the purchase agreement - Cidrerie Cousins\",\"isPartOf\":{\"@id\":\"https:\\\/\\\/cousinscider.cz\\\/en\\\/#website\"},\"datePublished\":\"2026-03-20T13:21:05+00:00\",\"dateModified\":\"2026-04-23T05:43:30+00:00\",\"breadcrumb\":{\"@id\":\"https:\\\/\\\/cousinscider.cz\\\/en\\\/information-on-the-right-to-withdraw-from-the-purchase-agreement\\\/#breadcrumb\"},\"inLanguage\":\"en-US\",\"potentialAction\":[{\"@type\":\"ReadAction\",\"target\":[\"https:\\\/\\\/cousinscider.cz\\\/en\\\/information-on-the-right-to-withdraw-from-the-purchase-agreement\\\/\"]}]},{\"@type\":\"BreadcrumbList\",\"@id\":\"https:\\\/\\\/cousinscider.cz\\\/en\\\/information-on-the-right-to-withdraw-from-the-purchase-agreement\\\/#breadcrumb\",\"itemListElement\":[{\"@type\":\"ListItem\",\"position\":1,\"name\":\"Home\",\"item\":\"https:\\\/\\\/cousinscider.cz\\\/en\\\/home\\\/\"},{\"@type\":\"ListItem\",\"position\":2,\"name\":\"Information on the right to withdraw from the purchase agreement\"}]},{\"@type\":\"WebSite\",\"@id\":\"https:\\\/\\\/cousinscider.cz\\\/en\\\/#website\",\"url\":\"https:\\\/\\\/cousinscider.cz\\\/en\\\/\",\"name\":\"Cidrerie Cousins - Cider z Podkrkono\u0161\u00ed\",\"description\":\"Cider z Podkrkono\u0161\u00ed\",\"publisher\":{\"@id\":\"https:\\\/\\\/cousinscider.cz\\\/en\\\/#organization\"},\"potentialAction\":[{\"@type\":\"SearchAction\",\"target\":{\"@type\":\"EntryPoint\",\"urlTemplate\":\"https:\\\/\\\/cousinscider.cz\\\/en\\\/?s={search_term_string}\"},\"query-input\":{\"@type\":\"PropertyValueSpecification\",\"valueRequired\":true,\"valueName\":\"search_term_string\"}}],\"inLanguage\":\"en-US\"},{\"@type\":\"Organization\",\"@id\":\"https:\\\/\\\/cousinscider.cz\\\/en\\\/#organization\",\"name\":\"Cidrerie Cousins\",\"url\":\"https:\\\/\\\/cousinscider.cz\\\/en\\\/\",\"logo\":{\"@type\":\"ImageObject\",\"inLanguage\":\"en-US\",\"@id\":\"https:\\\/\\\/cousinscider.cz\\\/en\\\/#\\\/schema\\\/logo\\\/image\\\/\",\"url\":\"https:\\\/\\\/cousinscider.cz\\\/wp-content\\\/uploads\\\/2026\\\/03\\\/Bez-nazvu-1-1.png\",\"contentUrl\":\"https:\\\/\\\/cousinscider.cz\\\/wp-content\\\/uploads\\\/2026\\\/03\\\/Bez-nazvu-1-1.png\",\"width\":1080,\"height\":1080,\"caption\":\"Cidrerie Cousins\"},\"image\":{\"@id\":\"https:\\\/\\\/cousinscider.cz\\\/en\\\/#\\\/schema\\\/logo\\\/image\\\/\"},\"sameAs\":[\"https:\\\/\\\/www.facebook.com\\\/CousinsCider\",\"https:\\\/\\\/www.instagram.com\\\/cousins_cider\"]}]}<\/script>\n<!-- \/ Yoast SEO plugin. -->","yoast_head_json":{"title":"Information on the right to withdraw from the purchase agreement - Cidrerie Cousins","robots":{"index":"index","follow":"follow","max-snippet":"max-snippet:-1","max-image-preview":"max-image-preview:large","max-video-preview":"max-video-preview:-1"},"canonical":"https:\/\/cousinscider.cz\/en\/information-on-the-right-to-withdraw-from-the-purchase-agreement\/","og_locale":"en_US","og_type":"article","og_title":"Information on the right to withdraw from the purchase agreement - Cidrerie Cousins","og_description":"Information on the right to withdraw from the purchase agreement Consumer information on the right of withdrawal Dear consumer, according to the Civil Code, you have the right to withdraw&hellip;","og_url":"https:\/\/cousinscider.cz\/en\/information-on-the-right-to-withdraw-from-the-purchase-agreement\/","og_site_name":"Cidrerie Cousins","article_publisher":"https:\/\/www.facebook.com\/CousinsCider","article_modified_time":"2026-04-23T05:43:30+00:00","og_image":[{"width":1200,"height":675,"url":"https:\/\/cousinscider.cz\/wp-content\/uploads\/2026\/03\/vseobecny-link.jpg","type":"image\/jpeg"}],"twitter_card":"summary_large_image","twitter_misc":{"Est. reading time":"3 minutes"},"schema":{"@context":"https:\/\/schema.org","@graph":[{"@type":"WebPage","@id":"https:\/\/cousinscider.cz\/en\/information-on-the-right-to-withdraw-from-the-purchase-agreement\/","url":"https:\/\/cousinscider.cz\/en\/information-on-the-right-to-withdraw-from-the-purchase-agreement\/","name":"Information on the right to withdraw from the purchase agreement - Cidrerie Cousins","isPartOf":{"@id":"https:\/\/cousinscider.cz\/en\/#website"},"datePublished":"2026-03-20T13:21:05+00:00","dateModified":"2026-04-23T05:43:30+00:00","breadcrumb":{"@id":"https:\/\/cousinscider.cz\/en\/information-on-the-right-to-withdraw-from-the-purchase-agreement\/#breadcrumb"},"inLanguage":"en-US","potentialAction":[{"@type":"ReadAction","target":["https:\/\/cousinscider.cz\/en\/information-on-the-right-to-withdraw-from-the-purchase-agreement\/"]}]},{"@type":"BreadcrumbList","@id":"https:\/\/cousinscider.cz\/en\/information-on-the-right-to-withdraw-from-the-purchase-agreement\/#breadcrumb","itemListElement":[{"@type":"ListItem","position":1,"name":"Home","item":"https:\/\/cousinscider.cz\/en\/home\/"},{"@type":"ListItem","position":2,"name":"Information on the right to withdraw from the purchase agreement"}]},{"@type":"WebSite","@id":"https:\/\/cousinscider.cz\/en\/#website","url":"https:\/\/cousinscider.cz\/en\/","name":"Cidrerie Cousins - Cider z Podkrkono\u0161\u00ed","description":"Cider z Podkrkono\u0161\u00ed","publisher":{"@id":"https:\/\/cousinscider.cz\/en\/#organization"},"potentialAction":[{"@type":"SearchAction","target":{"@type":"EntryPoint","urlTemplate":"https:\/\/cousinscider.cz\/en\/?s={search_term_string}"},"query-input":{"@type":"PropertyValueSpecification","valueRequired":true,"valueName":"search_term_string"}}],"inLanguage":"en-US"},{"@type":"Organization","@id":"https:\/\/cousinscider.cz\/en\/#organization","name":"Cidrerie Cousins","url":"https:\/\/cousinscider.cz\/en\/","logo":{"@type":"ImageObject","inLanguage":"en-US","@id":"https:\/\/cousinscider.cz\/en\/#\/schema\/logo\/image\/","url":"https:\/\/cousinscider.cz\/wp-content\/uploads\/2026\/03\/Bez-nazvu-1-1.png","contentUrl":"https:\/\/cousinscider.cz\/wp-content\/uploads\/2026\/03\/Bez-nazvu-1-1.png","width":1080,"height":1080,"caption":"Cidrerie Cousins"},"image":{"@id":"https:\/\/cousinscider.cz\/en\/#\/schema\/logo\/image\/"},"sameAs":["https:\/\/www.facebook.com\/CousinsCider","https:\/\/www.instagram.com\/cousins_cider"]}]}},"_hostinger_reach_plugin_has_subscription_block":false,"_hostinger_reach_plugin_is_elementor":false,"_links":{"self":[{"href":"https:\/\/cousinscider.cz\/en\/wp-json\/wp\/v2\/pages\/22652","targetHints":{"allow":["GET"]}}],"collection":[{"href":"https:\/\/cousinscider.cz\/en\/wp-json\/wp\/v2\/pages"}],"about":[{"href":"https:\/\/cousinscider.cz\/en\/wp-json\/wp\/v2\/types\/page"}],"author":[{"embeddable":true,"href":"https:\/\/cousinscider.cz\/en\/wp-json\/wp\/v2\/users\/1"}],"replies":[{"embeddable":true,"href":"https:\/\/cousinscider.cz\/en\/wp-json\/wp\/v2\/comments?post=22652"}],"version-history":[{"count":2,"href":"https:\/\/cousinscider.cz\/en\/wp-json\/wp\/v2\/pages\/22652\/revisions"}],"predecessor-version":[{"id":22655,"href":"https:\/\/cousinscider.cz\/en\/wp-json\/wp\/v2\/pages\/22652\/revisions\/22655"}],"wp:attachment":[{"href":"https:\/\/cousinscider.cz\/en\/wp-json\/wp\/v2\/media?parent=22652"}],"curies":[{"name":"wp","href":"https:\/\/api.w.org\/{rel}","templated":true}]}}