{"id":22656,"date":"2026-03-20T13:19:58","date_gmt":"2026-03-20T13:19:58","guid":{"rendered":"https:\/\/cousinscider.cz\/withdrawal-form\/"},"modified":"2026-04-23T05:43:30","modified_gmt":"2026-04-23T05:43:30","slug":"withdrawal-form","status":"publish","type":"page","link":"https:\/\/cousinscider.cz\/en\/withdrawal-form\/","title":{"rendered":"Withdrawal form"},"content":{"rendered":"\t\t<div data-elementor-type=\"wp-page\" data-elementor-id=\"22656\" class=\"elementor elementor-22656 elementor-21678\">\n\t\t\t\t\t\t<section class=\"elementor-section elementor-top-section elementor-element elementor-element-1ce0fbce elementor-section-boxed elementor-section-height-default elementor-section-height-default sc_fly_static\" data-id=\"1ce0fbce\" data-element_type=\"section\" data-e-type=\"section\">\n\t\t\t\t\t\t<div class=\"elementor-container elementor-column-gap-extended\">\n\t\t\t\t\t<div class=\"elementor-column elementor-col-100 elementor-top-column elementor-element elementor-element-71737124 sc_content_align_inherit sc_layouts_column_icons_position_left sc_fly_static\" data-id=\"71737124\" data-element_type=\"column\" data-e-type=\"column\">\n\t\t\t<div class=\"elementor-widget-wrap elementor-element-populated\">\n\t\t\t\t\t\t<div class=\"elementor-element elementor-element-42f09e1 sc_fly_static elementor-widget elementor-widget-text-editor\" data-id=\"42f09e1\" data-element_type=\"widget\" data-e-type=\"widget\" data-widget_type=\"text-editor.default\">\n\t\t\t\t<div class=\"elementor-widget-container\">\n\t\t\t\t\t\t\t\t\t<h1>Withdrawal form<\/h1>\n<p>Cousins s.r.o., ID: 194 57 774<\/p>\n<p>Nad \u00fadol\u00edm 209\/80<\/p>\n<p>147 00 Prague 4 &#8211; Hodkovi\u010dky<\/p><p><strong>Notice of withdrawal from a contract concluded at a distance or away from the provider&#8217;s business premises<\/strong><\/p><p>I hereby give notice that I withdraw from my contract for the purchase of the following goods \/provision of the following services *:<\/p>\n<p>&#8230;&#8230;&#8230;&#8230;&#8230;&#8230;&#8230;&#8230;&#8230;&#8230;&#8230;&#8230;&#8230;&#8230;&#8230;&#8230;&#8230;&#8230;&#8230;&#8230;&#8230;&#8230;&#8230;&#8230;&#8230;&#8230;&#8230;&#8230;&#8230;&#8230;&#8230;&#8230;&#8230;&#8230;&#8230;&#8230;&#8230;&#8230;&#8230;&#8230;&#8230;&#8230;&#8230;&#8230;&#8230;&#8230;&#8230;&#8230;<\/p>\n<p>Contract number: \u2026\u2026\u2026\u2026\u2026\u2026\u2026\u2026\u2026\u2026\u2026\u2026\u2026\u2026<\/p>\n<p>Date of contract \/date of receipt of goods *:&#8230;&#8230;&#8230;&#8230;&#8230;&#8230;&#8230;&#8230;&#8230;&#8230;&#8230;&#8230;&#8230;&#8230;&#8230;&#8230;&#8230;&#8230;&#8230;&#8230;&#8230;&#8230;&#8230;.<\/p>\n<p>Full name: &#8230;&#8230;&#8230;&#8230;&#8230;&#8230;&#8230;&#8230;&#8230;&#8230;&#8230;&#8230;&#8230;&#8230;&#8230;&#8230;&#8230;&#8230;&#8230;&#8230;&#8230;&#8230;&#8230;&#8230;&#8230;&#8230;&#8230;&#8230;&#8230;&#8230;&#8230;&#8230;..<\/p>\n<p>Address: &#8230;&#8230;&#8230;&#8230;&#8230;&#8230;&#8230;&#8230;&#8230;&#8230;&#8230;&#8230;&#8230;&#8230;&#8230;&#8230;&#8230;&#8230;&#8230;&#8230;&#8230;&#8230;&#8230;&#8230;&#8230;&#8230;&#8230;&#8230;&#8230;&#8230;&#8230;&#8230;&#8230;&#8230;&#8230;&#8230;&#8230;..<\/p>\n<p>Connection point: \u2026\u2026\u2026\u2026\u2026\u2026\u2026\u2026\u2026\u2026\u2026\u2026\u2026\u2026\u2026\u2026\u2026\u2026\u2026\u2026\u2026\u2026\u2026\u2026\u2026\u2026\u2026\u2026\u2026\u2026\u2026\u2026\u2026\u2026\u2026\u2026\u2026\u2026\u2026\u2026\u2026\u2026<\/p>\n<p>Date: \u2026\u2026\u2026\u2026\u2026\u2026\u2026\u2026\u2026\u2026\u2026\u2026\u2026\u2026\u2026\u2026\u2026\u2026.<\/p>\n<p><\/p>\n<p>&#8230;&#8230;&#8230;&#8230;&#8230;&#8230;&#8230;&#8230;&#8230;&#8230;&#8230;&#8230;&#8230;&#8230;&#8230;&#8230;&#8230;&#8230;&#8230;&#8230;&#8230;&#8230;&#8230;&#8230;&#8230;..<\/p>\n<p>Signature&nbsp;<\/p>\n<p><\/p>\n<p><em>Note: If you wish to withdraw from the contract, please fill out this form completely in the  <\/em><\/p>\n<p><em>blank sections and send it to the address above.  <\/em><\/p>\n<p><\/p>\n<p><em>* delete as appropriate<\/em><\/p>\t\t\t\t\t\t\t\t<\/div>\n\t\t\t\t<\/div>\n\t\t\t\t\t<\/div>\n\t\t<\/div>\n\t\t\t\t\t<\/div>\n\t\t<\/section>\n\t\t\t\t<\/div>\n\t\t","protected":false},"excerpt":{"rendered":"<p>Withdrawal form Cousins s.r.o., ID: 194 57 774 Nad \u00fadol\u00edm 209\/80 147 00 Prague 4 &#8211; Hodkovi\u010dky Notice of withdrawal from a contract concluded at a distance or away from&hellip;<\/p>\n","protected":false},"author":1,"featured_media":0,"parent":0,"menu_order":0,"comment_status":"closed","ping_status":"closed","template":"","meta":{"footnotes":""},"class_list":["post-22656","page","type-page","status-publish","hentry"],"yoast_head":"<!-- This site is optimized with the Yoast SEO plugin v27.4 - https:\/\/yoast.com\/product\/yoast-seo-wordpress\/ -->\n<title>Withdrawal form - Cidrerie Cousins<\/title>\n<meta name=\"robots\" content=\"index, follow, max-snippet:-1, max-image-preview:large, max-video-preview:-1\" \/>\n<link rel=\"canonical\" href=\"https:\/\/cousinscider.cz\/en\/withdrawal-form\/\" \/>\n<meta property=\"og:locale\" content=\"en_US\" \/>\n<meta property=\"og:type\" content=\"article\" \/>\n<meta property=\"og:title\" content=\"Withdrawal form - Cidrerie Cousins\" \/>\n<meta property=\"og:description\" content=\"Withdrawal form Cousins s.r.o., ID: 194 57 774 Nad \u00fadol\u00edm 209\/80 147 00 Prague 4 &#8211; Hodkovi\u010dky Notice of withdrawal from a contract concluded at a distance or away from&hellip;\" \/>\n<meta property=\"og:url\" content=\"https:\/\/cousinscider.cz\/en\/withdrawal-form\/\" \/>\n<meta property=\"og:site_name\" content=\"Cidrerie Cousins\" \/>\n<meta property=\"article:publisher\" content=\"https:\/\/www.facebook.com\/CousinsCider\" \/>\n<meta property=\"article:modified_time\" content=\"2026-04-23T05:43:30+00:00\" \/>\n<meta property=\"og:image\" content=\"https:\/\/cousinscider.cz\/wp-content\/uploads\/2026\/03\/vseobecny-link.jpg\" \/>\n\t<meta property=\"og:image:width\" content=\"1200\" \/>\n\t<meta property=\"og:image:height\" content=\"675\" \/>\n\t<meta property=\"og:image:type\" content=\"image\/jpeg\" \/>\n<meta name=\"twitter:card\" content=\"summary_large_image\" \/>\n<script type=\"application\/ld+json\" class=\"yoast-schema-graph\">{\"@context\":\"https:\\\/\\\/schema.org\",\"@graph\":[{\"@type\":\"WebPage\",\"@id\":\"https:\\\/\\\/cousinscider.cz\\\/en\\\/withdrawal-form\\\/\",\"url\":\"https:\\\/\\\/cousinscider.cz\\\/en\\\/withdrawal-form\\\/\",\"name\":\"Withdrawal form - Cidrerie Cousins\",\"isPartOf\":{\"@id\":\"https:\\\/\\\/cousinscider.cz\\\/en\\\/#website\"},\"datePublished\":\"2026-03-20T13:19:58+00:00\",\"dateModified\":\"2026-04-23T05:43:30+00:00\",\"breadcrumb\":{\"@id\":\"https:\\\/\\\/cousinscider.cz\\\/en\\\/withdrawal-form\\\/#breadcrumb\"},\"inLanguage\":\"en-US\",\"potentialAction\":[{\"@type\":\"ReadAction\",\"target\":[\"https:\\\/\\\/cousinscider.cz\\\/en\\\/withdrawal-form\\\/\"]}]},{\"@type\":\"BreadcrumbList\",\"@id\":\"https:\\\/\\\/cousinscider.cz\\\/en\\\/withdrawal-form\\\/#breadcrumb\",\"itemListElement\":[{\"@type\":\"ListItem\",\"position\":1,\"name\":\"Home\",\"item\":\"https:\\\/\\\/cousinscider.cz\\\/en\\\/home\\\/\"},{\"@type\":\"ListItem\",\"position\":2,\"name\":\"Withdrawal form\"}]},{\"@type\":\"WebSite\",\"@id\":\"https:\\\/\\\/cousinscider.cz\\\/en\\\/#website\",\"url\":\"https:\\\/\\\/cousinscider.cz\\\/en\\\/\",\"name\":\"Cidrerie Cousins - Cider z Podkrkono\u0161\u00ed\",\"description\":\"Cider z Podkrkono\u0161\u00ed\",\"publisher\":{\"@id\":\"https:\\\/\\\/cousinscider.cz\\\/en\\\/#organization\"},\"potentialAction\":[{\"@type\":\"SearchAction\",\"target\":{\"@type\":\"EntryPoint\",\"urlTemplate\":\"https:\\\/\\\/cousinscider.cz\\\/en\\\/?s={search_term_string}\"},\"query-input\":{\"@type\":\"PropertyValueSpecification\",\"valueRequired\":true,\"valueName\":\"search_term_string\"}}],\"inLanguage\":\"en-US\"},{\"@type\":\"Organization\",\"@id\":\"https:\\\/\\\/cousinscider.cz\\\/en\\\/#organization\",\"name\":\"Cidrerie Cousins\",\"url\":\"https:\\\/\\\/cousinscider.cz\\\/en\\\/\",\"logo\":{\"@type\":\"ImageObject\",\"inLanguage\":\"en-US\",\"@id\":\"https:\\\/\\\/cousinscider.cz\\\/en\\\/#\\\/schema\\\/logo\\\/image\\\/\",\"url\":\"https:\\\/\\\/cousinscider.cz\\\/wp-content\\\/uploads\\\/2026\\\/03\\\/Bez-nazvu-1-1.png\",\"contentUrl\":\"https:\\\/\\\/cousinscider.cz\\\/wp-content\\\/uploads\\\/2026\\\/03\\\/Bez-nazvu-1-1.png\",\"width\":1080,\"height\":1080,\"caption\":\"Cidrerie Cousins\"},\"image\":{\"@id\":\"https:\\\/\\\/cousinscider.cz\\\/en\\\/#\\\/schema\\\/logo\\\/image\\\/\"},\"sameAs\":[\"https:\\\/\\\/www.facebook.com\\\/CousinsCider\",\"https:\\\/\\\/www.instagram.com\\\/cousins_cider\"]}]}<\/script>\n<!-- \/ Yoast SEO plugin. -->","yoast_head_json":{"title":"Withdrawal form - Cidrerie Cousins","robots":{"index":"index","follow":"follow","max-snippet":"max-snippet:-1","max-image-preview":"max-image-preview:large","max-video-preview":"max-video-preview:-1"},"canonical":"https:\/\/cousinscider.cz\/en\/withdrawal-form\/","og_locale":"en_US","og_type":"article","og_title":"Withdrawal form - Cidrerie Cousins","og_description":"Withdrawal form Cousins s.r.o., ID: 194 57 774 Nad \u00fadol\u00edm 209\/80 147 00 Prague 4 &#8211; Hodkovi\u010dky Notice of withdrawal from a contract concluded at a distance or away from&hellip;","og_url":"https:\/\/cousinscider.cz\/en\/withdrawal-form\/","og_site_name":"Cidrerie Cousins","article_publisher":"https:\/\/www.facebook.com\/CousinsCider","article_modified_time":"2026-04-23T05:43:30+00:00","og_image":[{"width":1200,"height":675,"url":"https:\/\/cousinscider.cz\/wp-content\/uploads\/2026\/03\/vseobecny-link.jpg","type":"image\/jpeg"}],"twitter_card":"summary_large_image","schema":{"@context":"https:\/\/schema.org","@graph":[{"@type":"WebPage","@id":"https:\/\/cousinscider.cz\/en\/withdrawal-form\/","url":"https:\/\/cousinscider.cz\/en\/withdrawal-form\/","name":"Withdrawal form - Cidrerie Cousins","isPartOf":{"@id":"https:\/\/cousinscider.cz\/en\/#website"},"datePublished":"2026-03-20T13:19:58+00:00","dateModified":"2026-04-23T05:43:30+00:00","breadcrumb":{"@id":"https:\/\/cousinscider.cz\/en\/withdrawal-form\/#breadcrumb"},"inLanguage":"en-US","potentialAction":[{"@type":"ReadAction","target":["https:\/\/cousinscider.cz\/en\/withdrawal-form\/"]}]},{"@type":"BreadcrumbList","@id":"https:\/\/cousinscider.cz\/en\/withdrawal-form\/#breadcrumb","itemListElement":[{"@type":"ListItem","position":1,"name":"Home","item":"https:\/\/cousinscider.cz\/en\/home\/"},{"@type":"ListItem","position":2,"name":"Withdrawal form"}]},{"@type":"WebSite","@id":"https:\/\/cousinscider.cz\/en\/#website","url":"https:\/\/cousinscider.cz\/en\/","name":"Cidrerie Cousins - Cider z Podkrkono\u0161\u00ed","description":"Cider z Podkrkono\u0161\u00ed","publisher":{"@id":"https:\/\/cousinscider.cz\/en\/#organization"},"potentialAction":[{"@type":"SearchAction","target":{"@type":"EntryPoint","urlTemplate":"https:\/\/cousinscider.cz\/en\/?s={search_term_string}"},"query-input":{"@type":"PropertyValueSpecification","valueRequired":true,"valueName":"search_term_string"}}],"inLanguage":"en-US"},{"@type":"Organization","@id":"https:\/\/cousinscider.cz\/en\/#organization","name":"Cidrerie Cousins","url":"https:\/\/cousinscider.cz\/en\/","logo":{"@type":"ImageObject","inLanguage":"en-US","@id":"https:\/\/cousinscider.cz\/en\/#\/schema\/logo\/image\/","url":"https:\/\/cousinscider.cz\/wp-content\/uploads\/2026\/03\/Bez-nazvu-1-1.png","contentUrl":"https:\/\/cousinscider.cz\/wp-content\/uploads\/2026\/03\/Bez-nazvu-1-1.png","width":1080,"height":1080,"caption":"Cidrerie Cousins"},"image":{"@id":"https:\/\/cousinscider.cz\/en\/#\/schema\/logo\/image\/"},"sameAs":["https:\/\/www.facebook.com\/CousinsCider","https:\/\/www.instagram.com\/cousins_cider"]}]}},"_hostinger_reach_plugin_has_subscription_block":false,"_hostinger_reach_plugin_is_elementor":false,"_links":{"self":[{"href":"https:\/\/cousinscider.cz\/en\/wp-json\/wp\/v2\/pages\/22656","targetHints":{"allow":["GET"]}}],"collection":[{"href":"https:\/\/cousinscider.cz\/en\/wp-json\/wp\/v2\/pages"}],"about":[{"href":"https:\/\/cousinscider.cz\/en\/wp-json\/wp\/v2\/types\/page"}],"author":[{"embeddable":true,"href":"https:\/\/cousinscider.cz\/en\/wp-json\/wp\/v2\/users\/1"}],"replies":[{"embeddable":true,"href":"https:\/\/cousinscider.cz\/en\/wp-json\/wp\/v2\/comments?post=22656"}],"version-history":[{"count":2,"href":"https:\/\/cousinscider.cz\/en\/wp-json\/wp\/v2\/pages\/22656\/revisions"}],"predecessor-version":[{"id":22659,"href":"https:\/\/cousinscider.cz\/en\/wp-json\/wp\/v2\/pages\/22656\/revisions\/22659"}],"wp:attachment":[{"href":"https:\/\/cousinscider.cz\/en\/wp-json\/wp\/v2\/media?parent=22656"}],"curies":[{"name":"wp","href":"https:\/\/api.w.org\/{rel}","templated":true}]}}