{"id":22712,"date":"2026-03-20T13:17:34","date_gmt":"2026-03-20T13:17:34","guid":{"rendered":"https:\/\/cousinscider.cz\/cookie-policy\/"},"modified":"2026-04-23T05:43:41","modified_gmt":"2026-04-23T05:43:41","slug":"cookie-policy","status":"publish","type":"page","link":"https:\/\/cousinscider.cz\/en\/cookie-policy\/","title":{"rendered":"Cookie Policy"},"content":{"rendered":"\t\t<div data-elementor-type=\"wp-page\" data-elementor-id=\"22712\" class=\"elementor elementor-22712 elementor-21672\">\n\t\t\t\t\t\t<section class=\"elementor-section elementor-top-section elementor-element elementor-element-1ce0fbce elementor-section-boxed elementor-section-height-default elementor-section-height-default sc_fly_static\" data-id=\"1ce0fbce\" data-element_type=\"section\" data-e-type=\"section\">\n\t\t\t\t\t\t<div class=\"elementor-container elementor-column-gap-extended\">\n\t\t\t\t\t<div class=\"elementor-column elementor-col-100 elementor-top-column elementor-element elementor-element-71737124 sc_content_align_inherit sc_layouts_column_icons_position_left sc_fly_static\" data-id=\"71737124\" data-element_type=\"column\" data-e-type=\"column\">\n\t\t\t<div class=\"elementor-widget-wrap elementor-element-populated\">\n\t\t\t\t\t\t<div class=\"elementor-element elementor-element-42f09e1 sc_fly_static elementor-widget elementor-widget-text-editor\" data-id=\"42f09e1\" data-element_type=\"widget\" data-e-type=\"widget\" data-widget_type=\"text-editor.default\">\n\t\t\t\t<div class=\"elementor-widget-container\">\n\t\t\t\t\t\t\t\t\t<p>COOKIE POLICY<\/p><p class=\"wp-block-heading\">What are cookies:<\/p><p>Our website uses cookies to improve the services we provide to you. Cookies are small files that store information in your browser and are commonly used to distinguish individual users. However, the user&#8217;s identity is not identifiable based on this information. Cookies help, for example:   <\/p><ul class=\"wp-block-list\"><li><p>with the correct functionality of our site, so that the purchase process can be completed with as little difficulty as possible;<\/p><\/li><li><p>by remembering our customers&#8217; login details, so they don&#8217;t have to enter them every time;<\/p><\/li><li><p>by identifying which pages and features visitors use most often; based on this, we can best adapt our offer to your requirements;<\/p><\/li><li><p>they help us find out which ads visitors view most often, so that they are not shown the same ad repeatedly while browsing the site, or so they are not shown ads for goods they are not interested in.<\/p><\/li><\/ul><p>Further general information on cookies can be found, for example,  <a href=\"http:\/\/cs.wikipedia.org\/wiki\/HTTP_cookie\">here<\/a><\/p><p class=\"wp-block-heading\">What cookies we use:<\/p><p>The cookies used on our site can be divided into two basic types in terms of their duration. Short-term &#8220;session cookies&#8221; are only temporary and remain stored in your browser only until you close the browser, and long-term &#8220;persistent cookies&#8221; remain stored on your device for much longer or until you manually remove them (the time cookies are kept on your device depends on the settings of the cookie itself and your browser settings).   <\/p><p>In terms of the function that each cookie performs, cookies can be divided into:<\/p><ul class=\"wp-block-list\"><li><p><strong>conversion<\/strong>, which allow us to analyze the performance of different sales channels<\/p><\/li><li><p><strong>tracking<\/strong>, which in combination with conversion cookies help analyze the performance of different sales channels<\/p><\/li><li><p><strong>remarketing<\/strong>, which we use to personalize ad content and ensure correct targeting<\/p><\/li><li><p><strong>analytical<\/strong>, which help us improve the user experience of our website by understanding how users use it<\/p><\/li><li><p><strong>essential<\/strong>, which are important for the basic functionality of the website<\/p><\/li><\/ul><p>Some cookies may collect information that is subsequently used by third parties and which, for example, directly support our advertising activities (&#8220;third-party cookies&#8221;). For example, information about products purchased by visitors on our site may be displayed by an advertising agency so that we can better tailor the display of internet advertising banners on the websites you view. However, you cannot be identified based on this data.   <\/p><p class=\"wp-block-heading\">We use the following cookies on our website:<\/p><p>Issuer\/ Cookie NameTypeDuration<\/p><table><tbody><tr><td>AdForm<br>(TPC, GCM, uid)<\/td><td>Tracking, Conversion, Remarketing<\/td><td>persistent<\/td><\/tr><tr><td>AdWords<\/td><td>Tracking, Remarketing<\/td><td>90 days<\/td><\/tr><tr><td>DoubleClick<\/td><td>Tracking, Conversion, Remarketing<\/td><td>persistent<\/td><\/tr><tr><td>Facebook<\/td><td>Tracking, Conversion<\/td><td>persistent<\/td><\/tr><tr><td>Google Analytics<br>(_ga, cid, utmv, utmz, utma, utmb, utmc)<\/td><td>Analytical, Tracking<\/td><td>persistent<br>6 months<br>persistent<br>6 months<br>persistent<br>persistent<br>session<\/td><\/tr><tr><td>Heur\u00e9ka<\/td><td>Tracking, Conversion<\/td><td>persistent<\/td><\/tr><tr><td>asid<\/td><td>Essential<\/td><td>may vary<\/td><\/tr><tr><td>https_enabled<\/td><td>Essential<\/td><td>may vary<\/td><\/tr><tr><td>recently_viewed<\/td><td>Essential<\/td><td>may vary<\/td><\/tr><tr><td>Sklik<\/td><td>Tracking, Remarketing<\/td><td>30 days<br>max 540 days<\/td><\/tr><tr><td>Zbo\u017e\u00ed<\/td><td>Tracking, Conversion<\/td><td>persistent<\/td><\/tr><tr><td>YOTTLY<\/td><td>Tracking, Conversion, Remarketing<\/td><td>persistent<\/td><\/tr><\/tbody><\/table><p class=\"wp-block-heading\">How to refuse the use of cookies<\/p><p>The use of cookies can be configured using your internet browser. Most browsers automatically accept cookies by default. You can use your web browser to refuse cookies or to set the use of only certain cookies.  <\/p><p>Information about browsers and how to set cookie preferences can be found on the following websites:<\/p><p><a href=\"https:\/\/support.google.com\/accounts\/answer\/61416?hl=cs\">Chrome<\/a><br><a href=\"http:\/\/support.mozilla.org\/cs\/kb\/Pr%C3%A1ce%20s%20cookies\">Firefox<\/a><br><a href=\"http:\/\/support.microsoft.com\/kb\/283185\/cs\">Internet Explorer<\/a><br><a href=\"https:\/\/support.google.com\/chrome\/answer\/2392709?visit_id=1-636270856459123937-2696746637&amp;rd=1&amp;co=GENIE.Platform%3DAndroid&amp;oco=1\">Android<\/a><\/p>\t\t\t\t\t\t\t\t<\/div>\n\t\t\t\t<\/div>\n\t\t\t\t\t<\/div>\n\t\t<\/div>\n\t\t\t\t\t<\/div>\n\t\t<\/section>\n\t\t\t\t<\/div>\n\t\t","protected":false},"excerpt":{"rendered":"<p>COOKIE POLICY What are cookies: Our website uses cookies to improve the services we provide to you. Cookies are small files that store information in your browser and are commonly&hellip;<\/p>\n","protected":false},"author":1,"featured_media":0,"parent":0,"menu_order":0,"comment_status":"closed","ping_status":"closed","template":"","meta":{"footnotes":""},"class_list":["post-22712","page","type-page","status-publish","hentry"],"yoast_head":"<!-- This site is optimized with the Yoast SEO plugin v27.4 - https:\/\/yoast.com\/product\/yoast-seo-wordpress\/ -->\n<title>Cookie Policy - Cidrerie Cousins<\/title>\n<meta name=\"robots\" content=\"index, follow, max-snippet:-1, max-image-preview:large, max-video-preview:-1\" \/>\n<link rel=\"canonical\" href=\"https:\/\/cousinscider.cz\/en\/cookie-policy\/\" \/>\n<meta property=\"og:locale\" content=\"en_US\" \/>\n<meta property=\"og:type\" content=\"article\" \/>\n<meta property=\"og:title\" content=\"Cookie Policy - Cidrerie Cousins\" \/>\n<meta property=\"og:description\" content=\"COOKIE POLICY What are cookies: Our website uses cookies to improve the services we provide to you. Cookies are small files that store information in your browser and are commonly&hellip;\" \/>\n<meta property=\"og:url\" content=\"https:\/\/cousinscider.cz\/en\/cookie-policy\/\" \/>\n<meta property=\"og:site_name\" content=\"Cidrerie Cousins\" \/>\n<meta property=\"article:publisher\" content=\"https:\/\/www.facebook.com\/CousinsCider\" \/>\n<meta property=\"article:modified_time\" content=\"2026-04-23T05:43:41+00:00\" \/>\n<meta property=\"og:image\" content=\"https:\/\/cousinscider.cz\/wp-content\/uploads\/2026\/03\/vseobecny-link.jpg\" \/>\n\t<meta property=\"og:image:width\" content=\"1200\" \/>\n\t<meta property=\"og:image:height\" content=\"675\" \/>\n\t<meta property=\"og:image:type\" content=\"image\/jpeg\" \/>\n<meta name=\"twitter:card\" content=\"summary_large_image\" \/>\n<meta name=\"twitter:label1\" content=\"Est. reading time\" \/>\n\t<meta name=\"twitter:data1\" content=\"2 minutes\" \/>\n<script type=\"application\/ld+json\" class=\"yoast-schema-graph\">{\"@context\":\"https:\\\/\\\/schema.org\",\"@graph\":[{\"@type\":\"WebPage\",\"@id\":\"https:\\\/\\\/cousinscider.cz\\\/en\\\/cookie-policy\\\/\",\"url\":\"https:\\\/\\\/cousinscider.cz\\\/en\\\/cookie-policy\\\/\",\"name\":\"Cookie Policy - Cidrerie Cousins\",\"isPartOf\":{\"@id\":\"https:\\\/\\\/cousinscider.cz\\\/en\\\/#website\"},\"datePublished\":\"2026-03-20T13:17:34+00:00\",\"dateModified\":\"2026-04-23T05:43:41+00:00\",\"breadcrumb\":{\"@id\":\"https:\\\/\\\/cousinscider.cz\\\/en\\\/cookie-policy\\\/#breadcrumb\"},\"inLanguage\":\"en-US\",\"potentialAction\":[{\"@type\":\"ReadAction\",\"target\":[\"https:\\\/\\\/cousinscider.cz\\\/en\\\/cookie-policy\\\/\"]}]},{\"@type\":\"BreadcrumbList\",\"@id\":\"https:\\\/\\\/cousinscider.cz\\\/en\\\/cookie-policy\\\/#breadcrumb\",\"itemListElement\":[{\"@type\":\"ListItem\",\"position\":1,\"name\":\"Home\",\"item\":\"https:\\\/\\\/cousinscider.cz\\\/en\\\/home\\\/\"},{\"@type\":\"ListItem\",\"position\":2,\"name\":\"Cookie Policy\"}]},{\"@type\":\"WebSite\",\"@id\":\"https:\\\/\\\/cousinscider.cz\\\/en\\\/#website\",\"url\":\"https:\\\/\\\/cousinscider.cz\\\/en\\\/\",\"name\":\"Cidrerie Cousins - Cider z Podkrkono\u0161\u00ed\",\"description\":\"Cider z Podkrkono\u0161\u00ed\",\"publisher\":{\"@id\":\"https:\\\/\\\/cousinscider.cz\\\/en\\\/#organization\"},\"potentialAction\":[{\"@type\":\"SearchAction\",\"target\":{\"@type\":\"EntryPoint\",\"urlTemplate\":\"https:\\\/\\\/cousinscider.cz\\\/en\\\/?s={search_term_string}\"},\"query-input\":{\"@type\":\"PropertyValueSpecification\",\"valueRequired\":true,\"valueName\":\"search_term_string\"}}],\"inLanguage\":\"en-US\"},{\"@type\":\"Organization\",\"@id\":\"https:\\\/\\\/cousinscider.cz\\\/en\\\/#organization\",\"name\":\"Cidrerie Cousins\",\"url\":\"https:\\\/\\\/cousinscider.cz\\\/en\\\/\",\"logo\":{\"@type\":\"ImageObject\",\"inLanguage\":\"en-US\",\"@id\":\"https:\\\/\\\/cousinscider.cz\\\/en\\\/#\\\/schema\\\/logo\\\/image\\\/\",\"url\":\"https:\\\/\\\/cousinscider.cz\\\/wp-content\\\/uploads\\\/2026\\\/03\\\/Bez-nazvu-1-1.png\",\"contentUrl\":\"https:\\\/\\\/cousinscider.cz\\\/wp-content\\\/uploads\\\/2026\\\/03\\\/Bez-nazvu-1-1.png\",\"width\":1080,\"height\":1080,\"caption\":\"Cidrerie Cousins\"},\"image\":{\"@id\":\"https:\\\/\\\/cousinscider.cz\\\/en\\\/#\\\/schema\\\/logo\\\/image\\\/\"},\"sameAs\":[\"https:\\\/\\\/www.facebook.com\\\/CousinsCider\",\"https:\\\/\\\/www.instagram.com\\\/cousins_cider\"]}]}<\/script>\n<!-- \/ Yoast SEO plugin. -->","yoast_head_json":{"title":"Cookie Policy - Cidrerie Cousins","robots":{"index":"index","follow":"follow","max-snippet":"max-snippet:-1","max-image-preview":"max-image-preview:large","max-video-preview":"max-video-preview:-1"},"canonical":"https:\/\/cousinscider.cz\/en\/cookie-policy\/","og_locale":"en_US","og_type":"article","og_title":"Cookie Policy - Cidrerie Cousins","og_description":"COOKIE POLICY What are cookies: Our website uses cookies to improve the services we provide to you. Cookies are small files that store information in your browser and are commonly&hellip;","og_url":"https:\/\/cousinscider.cz\/en\/cookie-policy\/","og_site_name":"Cidrerie Cousins","article_publisher":"https:\/\/www.facebook.com\/CousinsCider","article_modified_time":"2026-04-23T05:43:41+00:00","og_image":[{"width":1200,"height":675,"url":"https:\/\/cousinscider.cz\/wp-content\/uploads\/2026\/03\/vseobecny-link.jpg","type":"image\/jpeg"}],"twitter_card":"summary_large_image","twitter_misc":{"Est. reading time":"2 minutes"},"schema":{"@context":"https:\/\/schema.org","@graph":[{"@type":"WebPage","@id":"https:\/\/cousinscider.cz\/en\/cookie-policy\/","url":"https:\/\/cousinscider.cz\/en\/cookie-policy\/","name":"Cookie Policy - Cidrerie Cousins","isPartOf":{"@id":"https:\/\/cousinscider.cz\/en\/#website"},"datePublished":"2026-03-20T13:17:34+00:00","dateModified":"2026-04-23T05:43:41+00:00","breadcrumb":{"@id":"https:\/\/cousinscider.cz\/en\/cookie-policy\/#breadcrumb"},"inLanguage":"en-US","potentialAction":[{"@type":"ReadAction","target":["https:\/\/cousinscider.cz\/en\/cookie-policy\/"]}]},{"@type":"BreadcrumbList","@id":"https:\/\/cousinscider.cz\/en\/cookie-policy\/#breadcrumb","itemListElement":[{"@type":"ListItem","position":1,"name":"Home","item":"https:\/\/cousinscider.cz\/en\/home\/"},{"@type":"ListItem","position":2,"name":"Cookie Policy"}]},{"@type":"WebSite","@id":"https:\/\/cousinscider.cz\/en\/#website","url":"https:\/\/cousinscider.cz\/en\/","name":"Cidrerie Cousins - Cider z Podkrkono\u0161\u00ed","description":"Cider z Podkrkono\u0161\u00ed","publisher":{"@id":"https:\/\/cousinscider.cz\/en\/#organization"},"potentialAction":[{"@type":"SearchAction","target":{"@type":"EntryPoint","urlTemplate":"https:\/\/cousinscider.cz\/en\/?s={search_term_string}"},"query-input":{"@type":"PropertyValueSpecification","valueRequired":true,"valueName":"search_term_string"}}],"inLanguage":"en-US"},{"@type":"Organization","@id":"https:\/\/cousinscider.cz\/en\/#organization","name":"Cidrerie Cousins","url":"https:\/\/cousinscider.cz\/en\/","logo":{"@type":"ImageObject","inLanguage":"en-US","@id":"https:\/\/cousinscider.cz\/en\/#\/schema\/logo\/image\/","url":"https:\/\/cousinscider.cz\/wp-content\/uploads\/2026\/03\/Bez-nazvu-1-1.png","contentUrl":"https:\/\/cousinscider.cz\/wp-content\/uploads\/2026\/03\/Bez-nazvu-1-1.png","width":1080,"height":1080,"caption":"Cidrerie Cousins"},"image":{"@id":"https:\/\/cousinscider.cz\/en\/#\/schema\/logo\/image\/"},"sameAs":["https:\/\/www.facebook.com\/CousinsCider","https:\/\/www.instagram.com\/cousins_cider"]}]}},"_hostinger_reach_plugin_has_subscription_block":false,"_hostinger_reach_plugin_is_elementor":false,"_links":{"self":[{"href":"https:\/\/cousinscider.cz\/en\/wp-json\/wp\/v2\/pages\/22712","targetHints":{"allow":["GET"]}}],"collection":[{"href":"https:\/\/cousinscider.cz\/en\/wp-json\/wp\/v2\/pages"}],"about":[{"href":"https:\/\/cousinscider.cz\/en\/wp-json\/wp\/v2\/types\/page"}],"author":[{"embeddable":true,"href":"https:\/\/cousinscider.cz\/en\/wp-json\/wp\/v2\/users\/1"}],"replies":[{"embeddable":true,"href":"https:\/\/cousinscider.cz\/en\/wp-json\/wp\/v2\/comments?post=22712"}],"version-history":[{"count":2,"href":"https:\/\/cousinscider.cz\/en\/wp-json\/wp\/v2\/pages\/22712\/revisions"}],"predecessor-version":[{"id":22715,"href":"https:\/\/cousinscider.cz\/en\/wp-json\/wp\/v2\/pages\/22712\/revisions\/22715"}],"wp:attachment":[{"href":"https:\/\/cousinscider.cz\/en\/wp-json\/wp\/v2\/media?parent=22712"}],"curies":[{"name":"wp","href":"https:\/\/api.w.org\/{rel}","templated":true}]}}